{"id":154,"date":"2019-12-23T12:51:50","date_gmt":"2019-12-23T11:51:50","guid":{"rendered":"https:\/\/gestellbau.xcreative.cz\/jager-gestellbau-prestice\/"},"modified":"2020-01-22T09:52:44","modified_gmt":"2020-01-22T08:52:44","slug":"jager-gestellbau-prestice","status":"publish","type":"page","link":"https:\/\/www.gestellbau.cz\/en\/jager-gestellbau-prestice\/","title":{"rendered":"J\u00e4ger Gestellbau, P\u0159e\u0161tice"},"content":{"rendered":"","protected":false},"excerpt":{"rendered":"","protected":false},"author":1,"featured_media":0,"parent":0,"menu_order":0,"comment_status":"closed","ping_status":"closed","template":"","meta":{"footnotes":""},"class_list":["post-154","page","type-page","status-publish","hentry"],"_links":{"self":[{"href":"https:\/\/www.gestellbau.cz\/en\/wp-json\/wp\/v2\/pages\/154","targetHints":{"allow":["GET"]}}],"collection":[{"href":"https:\/\/www.gestellbau.cz\/en\/wp-json\/wp\/v2\/pages"}],"about":[{"href":"https:\/\/www.gestellbau.cz\/en\/wp-json\/wp\/v2\/types\/page"}],"author":[{"embeddable":true,"href":"https:\/\/www.gestellbau.cz\/en\/wp-json\/wp\/v2\/users\/1"}],"replies":[{"embeddable":true,"href":"https:\/\/www.gestellbau.cz\/en\/wp-json\/wp\/v2\/comments?post=154"}],"version-history":[{"count":1,"href":"https:\/\/www.gestellbau.cz\/en\/wp-json\/wp\/v2\/pages\/154\/revisions"}],"predecessor-version":[{"id":160,"href":"https:\/\/www.gestellbau.cz\/en\/wp-json\/wp\/v2\/pages\/154\/revisions\/160"}],"wp:attachment":[{"href":"https:\/\/www.gestellbau.cz\/en\/wp-json\/wp\/v2\/media?parent=154"}],"curies":[{"name":"wp","href":"https:\/\/api.w.org\/{rel}","templated":true}]}}